{"id":468,"date":"2019-09-16T18:10:04","date_gmt":"2019-09-16T18:10:04","guid":{"rendered":"http:\/\/wordpress.diegodavila.es\/?page_id=468"},"modified":"2019-09-16T18:50:00","modified_gmt":"2019-09-16T18:50:00","slug":"temario-historia-de-espana-de-2o-de-bachillerato","status":"publish","type":"page","link":"https:\/\/wordpress.diegodavila.es\/?page_id=468","title":{"rendered":"Temario Historia de Espa\u00f1a de 2\u00ba de Bachillerato"},"content":{"rendered":"<p><img loading=\"lazy\" class=\"aligncenter size-full wp-image-478\" src=\"http:\/\/wordpress.diegodavila.es\/wp-content\/uploads\/2019\/09\/portada-historia-de-espan\u0303a.jpg\" alt=\"\" width=\"657\" height=\"414\" srcset=\"https:\/\/wordpress.diegodavila.es\/wp-content\/uploads\/2019\/09\/portada-historia-de-espan\u0303a.jpg 657w, https:\/\/wordpress.diegodavila.es\/wp-content\/uploads\/2019\/09\/portada-historia-de-espan\u0303a-300x189.jpg 300w\" sizes=\"(max-width: 657px) 100vw, 657px\" \/><\/p>\n<p><span style=\"color: #008000;\"><strong>AGRUPACI\u00d3N DE CONTENIDOS I:<\/strong><\/span><\/p>\n<p><a href=\"http:\/\/wordpress.diegodavila.es\/wp-content\/uploads\/2019\/09\/TEMA-SELECTIVIDAD-N\u00ba-1-2\u00ba-bach.pdf\" target=\"_blank\" rel=\"noopener noreferrer\">Bloque 1: La Pen\u00ednsula Ib\u00e9rica desde los primeros humanos hasta la desaparici\u00f3n de la monarqu\u00eda Visigoda (711).<\/a><\/p>\n<p><a href=\"http:\/\/wordpress.diegodavila.es\/wp-content\/uploads\/2019\/09\/TEMA-SELECTIVIDAD-N\u00ba-2-2\u00ba-bach.pdf\" target=\"_blank\" rel=\"noopener noreferrer\">Bloque 2: La Edad Media: Tres culturas y un mapa pol\u00edtico en constante cambio (711-1474)<\/a>.<\/p>\n<p><span style=\"color: #008000;\"><strong>AGRUPACI\u00d3N DE CONTENIDOS II:<\/strong><\/span><\/p>\n<p>Bloque 3: La formaci\u00f3n de la Monarqu\u00eda Hisp\u00e1nica y su expansi\u00f3n mundial (1474-1700).<\/p>\n<p>Bloque 4: Espa\u00f1a en la \u00f3rbita francesa: el reformismo de los primeros Borbones (1700-1788).<\/p>\n<p><span style=\"color: #008000;\"><strong>AGRUPACI\u00d3N DE CONTENIDOS III:<\/strong><\/span><\/p>\n<p>Bloque 5: La crisis del Antiguo R\u00e9gimen (1788-1833): Liberalismo frente a Absolutismo.<\/p>\n<p>Bloque 6: La conflictiva construcci\u00f3n del Estado Liberal (1833-1874).<\/p>\n<p>Bloque 7: La Restauraci\u00f3n Borb\u00f3nica: implantaci\u00f3n y afianzamiento de un nuevo Sistema Pol\u00edtico (1874-1902).<\/p>\n<p>Bloque 8: Pervivencias y transformaciones econ\u00f3micas en el siglo XIX: un desarrollo insuficiente.<\/p>\n<p><span style=\"color: #008000;\"><strong>AGRUPACI\u00d3N DE CONTENIDOS IV:<\/strong><\/span><\/p>\n<p>Bloque 9: La crisis del Sistema de la Restauraci\u00f3n y la ca\u00edda de la Monarqu\u00eda (1902-1931).<\/p>\n<p>Bloque 10: La Segunda Rep\u00fablica. La Guerra Civil en un contexto de Crisis Internacional (1931-1939).<\/p>\n<p><span style=\"color: #008000;\"><strong>AGRUPACI\u00d3N DE CONTENIDOS V:<\/strong><\/span><\/p>\n<p>Bloque 11: La Dictadura Franquista (1939-1975).<\/p>\n<p>Bloque 12: Normalizaci\u00f3n Democr\u00e1tica de Espa\u00f1a e Integraci\u00f3n en Europa (desde 1975)<\/p>\n","protected":false},"excerpt":{"rendered":"<p>AGRUPACI\u00d3N DE CONTENIDOS I: Bloque 1: La Pen\u00ednsula Ib\u00e9rica desde los primeros humanos hasta la desaparici\u00f3n de la monarqu\u00eda Visigoda (711). Bloque 2: La Edad Media: Tres culturas y un mapa pol\u00edtico en constante cambio (711-1474). AGRUPACI\u00d3N DE CONTENIDOS II: Bloque 3: La formaci\u00f3n de la Monarqu\u00eda Hisp\u00e1nica y su expansi\u00f3n mundial (1474-1700). Bloque 4: &hellip; <a href=\"https:\/\/wordpress.diegodavila.es\/?page_id=468\" class=\"more-link\">Seguir leyendo <span class=\"screen-reader-text\">Temario Historia de Espa\u00f1a de 2\u00ba de Bachillerato<\/span> <span class=\"meta-nav\">&rarr;<\/span><\/a><\/p>\n","protected":false},"author":1,"featured_media":0,"parent":0,"menu_order":0,"comment_status":"closed","ping_status":"closed","template":"","meta":[],"_links":{"self":[{"href":"https:\/\/wordpress.diegodavila.es\/index.php?rest_route=\/wp\/v2\/pages\/468"}],"collection":[{"href":"https:\/\/wordpress.diegodavila.es\/index.php?rest_route=\/wp\/v2\/pages"}],"about":[{"href":"https:\/\/wordpress.diegodavila.es\/index.php?rest_route=\/wp\/v2\/types\/page"}],"author":[{"embeddable":true,"href":"https:\/\/wordpress.diegodavila.es\/index.php?rest_route=\/wp\/v2\/users\/1"}],"replies":[{"embeddable":true,"href":"https:\/\/wordpress.diegodavila.es\/index.php?rest_route=%2Fwp%2Fv2%2Fcomments&post=468"}],"version-history":[{"count":7,"href":"https:\/\/wordpress.diegodavila.es\/index.php?rest_route=\/wp\/v2\/pages\/468\/revisions"}],"predecessor-version":[{"id":479,"href":"https:\/\/wordpress.diegodavila.es\/index.php?rest_route=\/wp\/v2\/pages\/468\/revisions\/479"}],"wp:attachment":[{"href":"https:\/\/wordpress.diegodavila.es\/index.php?rest_route=%2Fwp%2Fv2%2Fmedia&parent=468"}],"curies":[{"name":"wp","href":"https:\/\/api.w.org\/{rel}","templated":true}]}}