{"id":451,"date":"2019-02-10T17:11:14","date_gmt":"2019-02-10T17:11:14","guid":{"rendered":"http:\/\/wordpress.diegodavila.es\/?page_id=451"},"modified":"2019-02-10T17:11:14","modified_gmt":"2019-02-10T17:11:14","slug":"curso-cuaderno-de-seneca","status":"publish","type":"page","link":"https:\/\/wordpress.diegodavila.es\/?page_id=451","title":{"rendered":"Curso Cuaderno de S\u00e9neca"},"content":{"rendered":"<p>Materiales usados en el <strong>Curso de Cuaderno de S\u00e9neca: herramientas de comunicaci\u00f3n e informaci\u00f3n para el profesado<\/strong>:<\/p>\n<ul>\n<li><a href=\"https:\/\/drive.google.com\/file\/d\/1W004WH1p951plzcHSFszcsk7Zvv0vnx1\/view?usp=sharing\" target=\"_blank\" rel=\"noopener noreferrer\">Presentaci\u00f3n en PDF<\/a><\/li>\n<\/ul>\n<p>&nbsp;<\/p>\n","protected":false},"excerpt":{"rendered":"<p>Materiales usados en el Curso de Cuaderno de S\u00e9neca: herramientas de comunicaci\u00f3n e informaci\u00f3n para el profesado: Presentaci\u00f3n en PDF &nbsp;<\/p>\n","protected":false},"author":1,"featured_media":0,"parent":0,"menu_order":0,"comment_status":"closed","ping_status":"closed","template":"","meta":[],"_links":{"self":[{"href":"https:\/\/wordpress.diegodavila.es\/index.php?rest_route=\/wp\/v2\/pages\/451"}],"collection":[{"href":"https:\/\/wordpress.diegodavila.es\/index.php?rest_route=\/wp\/v2\/pages"}],"about":[{"href":"https:\/\/wordpress.diegodavila.es\/index.php?rest_route=\/wp\/v2\/types\/page"}],"author":[{"embeddable":true,"href":"https:\/\/wordpress.diegodavila.es\/index.php?rest_route=\/wp\/v2\/users\/1"}],"replies":[{"embeddable":true,"href":"https:\/\/wordpress.diegodavila.es\/index.php?rest_route=%2Fwp%2Fv2%2Fcomments&post=451"}],"version-history":[{"count":1,"href":"https:\/\/wordpress.diegodavila.es\/index.php?rest_route=\/wp\/v2\/pages\/451\/revisions"}],"predecessor-version":[{"id":452,"href":"https:\/\/wordpress.diegodavila.es\/index.php?rest_route=\/wp\/v2\/pages\/451\/revisions\/452"}],"wp:attachment":[{"href":"https:\/\/wordpress.diegodavila.es\/index.php?rest_route=%2Fwp%2Fv2%2Fmedia&parent=451"}],"curies":[{"name":"wp","href":"https:\/\/api.w.org\/{rel}","templated":true}]}}