{"id":333,"date":"2016-04-12T07:08:13","date_gmt":"2016-04-12T07:08:13","guid":{"rendered":"http:\/\/wordpress.diegodavila.es\/?page_id=333"},"modified":"2019-03-08T09:48:48","modified_gmt":"2019-03-08T09:48:48","slug":"curso-20152016-trabajos-de-los-alumnosas","status":"publish","type":"page","link":"https:\/\/wordpress.diegodavila.es\/?page_id=333","title":{"rendered":"Trabajos de los alumnos\/as"},"content":{"rendered":"<p>Relaci\u00f3n de trabajos de los alumnos\/as de Patrimonio Art\u00edstico y Cultural de Andaluc\u00eda.<\/p>\n<p><span style=\"color: #008000;\"><strong>Curso 2015\/2016<\/strong><\/span><\/p>\n<p>Relaci\u00f3n de alumnos\/as:<\/p>\n<ul>\n<li>Baeza Gonz\u00e1lez, Andrea<\/li>\n<li>Carrera Portero, Roc\u00edo<\/li>\n<li>Granados Cano, Laura Mar\u00eda<\/li>\n<li>L\u00f3pez Garc\u00eda, Paula<\/li>\n<li>Mu\u00f1oz N\u00fa\u00f1ez, Pedro Juan<\/li>\n<li>Vel\u00e1zquez Arenilla, Elo\u00edsa<\/li>\n<li>Vergara Pina, Carmen Mar\u00eda<\/li>\n<\/ul>\n<p><input name=\"OpEmergente1\" type=\"HIDDEN\" value=\"X_MATRICULA=4xxclp5icH78d6DV9JrrJg&amp;X_ALUMNO=MH8b7y-01yJGikJeUBxj8g&amp;PROFESOR_TUTOR=N&amp;X_GRUALUPROMAT=1967876&amp;HEREDAR_ACC=SI&amp;NUM_FILA=0\" \/> <input name=\"OpEmergente2\" type=\"HIDDEN\" value=\"X_MATRICULA=6DeraozheRnpTTGJ4FP51g&amp;X_ALUMNO=h2FFmxMm6jxBRQogna_t1w&amp;PROFESOR_TUTOR=N&amp;X_GRUALUPROMAT=1967876&amp;HEREDAR_ACC=SI&amp;NUM_FILA=1\" \/> <input name=\"OpEmergente3\" type=\"HIDDEN\" value=\"X_MATRICULA=Vm3zlE41s_J2CHqrX7-ugw&amp;X_ALUMNO=Q4FkILB5KYnaLhz1mqNLzQ&amp;PROFESOR_TUTOR=N&amp;X_GRUALUPROMAT=1967876&amp;HEREDAR_ACC=SI&amp;NUM_FILA=2\" \/> <input name=\"OpEmergente4\" type=\"HIDDEN\" value=\"X_MATRICULA=v59WSm8WcUxgQeZYT6K4bw&amp;X_ALUMNO=rL4RiBqV-IhfdWMU0JYsTw&amp;PROFESOR_TUTOR=N&amp;X_GRUALUPROMAT=1967876&amp;HEREDAR_ACC=SI&amp;NUM_FILA=3\" \/> <input name=\"OpEmergente5\" type=\"HIDDEN\" value=\"X_MATRICULA=t2_jEtAvUVeLLmCBNDqkeg&amp;X_ALUMNO=S-PK_1pD7RAQPPs39wgk1w&amp;PROFESOR_TUTOR=N&amp;X_GRUALUPROMAT=1967876&amp;HEREDAR_ACC=SI&amp;NUM_FILA=4\" \/> <input name=\"OpEmergente6\" type=\"HIDDEN\" value=\"X_MATRICULA=BEtCX1JKLid1etFLCKvgBA&amp;X_ALUMNO=MAmr0rAM-AxA1XDldDbZ4w&amp;PROFESOR_TUTOR=N&amp;X_GRUALUPROMAT=1967876&amp;HEREDAR_ACC=SI&amp;NUM_FILA=5\" \/> <input name=\"OpEmergente7\" type=\"HIDDEN\" value=\"X_MATRICULA=n4knYwWdFUw2vSO7dJV9XQ&amp;X_ALUMNO=D3tPjhnVe7ewMhwmk9FGIA&amp;PROFESOR_TUTOR=N&amp;X_GRUALUPROMAT=1967876&amp;HEREDAR_ACC=SI&amp;NUM_FILA=6\" \/><\/p>\n<p><strong>Trabajo: Gu\u00eda tur\u00edstica de Sevilla<\/strong><\/p>\n<ul>\n<li><a href=\"http:\/\/wordpress.diegodavila.es\/wp-content\/uploads\/2016\/04\/guia-por-sevilla-pedro.pdf\">guia por sevilla pedro<\/a><\/li>\n<li><a href=\"http:\/\/wordpress.diegodavila.es\/wp-content\/uploads\/2016\/04\/Gu\u00eda-turistica-de-Sevilla-Andrea.pdf\">Gu\u00eda turistica de Sevilla, Andrea<\/a><\/li>\n<li><a href=\"http:\/\/wordpress.diegodavila.es\/wp-content\/uploads\/2016\/04\/guia-turistica-paula.pdf\">guia turistica paula<\/a><\/li>\n<li><a href=\"http:\/\/wordpress.diegodavila.es\/wp-content\/uploads\/2016\/04\/guia-turistica-rocio.pdf\">guia turistica rocio<\/a><\/li>\n<li><a href=\"http:\/\/wordpress.diegodavila.es\/wp-content\/uploads\/2016\/04\/Gu\u00eda-Tur\u00edstica-Sevilla-Eloisa.pdf\">Gu\u00eda Tur\u00edstica Sevilla Eloisa<\/a><\/li>\n<li><a href=\"http:\/\/wordpress.diegodavila.es\/wp-content\/uploads\/2016\/04\/GUIATURISTICACarmenVergara.pdf\">GUIATURISTICACarmenVergara<\/a><\/li>\n<li><a href=\"http:\/\/wordpress.diegodavila.es\/wp-content\/uploads\/2016\/04\/Sevilla-tiene-un-color-especial-Laura.pdf\">Sevilla tiene un color especial Laura<\/a><\/li>\n<\/ul>\n<p><strong>Trabajo: P\u00e1gina web de la Gu\u00eda tur\u00edstica de Sevilla<\/strong><\/p>\n<ul>\n<li><a href=\"https:\/\/sites.google.com\/site\/guiaandreasevilla\/home\" target=\"_blank\" rel=\"noopener noreferrer\">P\u00e1gina web de Andrea<\/a><\/li>\n<li><a href=\"https:\/\/sites.google.com\/site\/guiaturisticadesevillacarmen\/\" target=\"_blank\" rel=\"noopener noreferrer\">P\u00e1gina web de Carmen<\/a><\/li>\n<li><a href=\"https:\/\/sites.google.com\/site\/guiasevillana\/my-forms\" target=\"_blank\" rel=\"noopener noreferrer\">P\u00e1gina web de Elo\u00edsa<\/a><\/li>\n<li><a href=\"https:\/\/sites.google.com\/site\/sevillaalcielo\/\" target=\"_blank\" rel=\"noopener noreferrer\">P\u00e1gina web de Pedro<\/a><\/li>\n<li><a href=\"https:\/\/sites.google.com\/site\/guiasevillayole\/\" target=\"_blank\" rel=\"noopener noreferrer\">P\u00e1gina web de Paula<\/a><\/li>\n<li><a href=\"https:\/\/sites.google.com\/site\/viajaporsevillayole\/home\" target=\"_blank\" rel=\"noopener noreferrer\">P\u00e1gina web de Laura<\/a><\/li>\n<li><a href=\"https:\/\/sites.google.com\/site\/rutaguiadadesevilla\/\" target=\"_blank\" rel=\"noopener noreferrer\">P\u00e1gina web de Rocio<\/a><\/li>\n<\/ul>\n<p><strong>Trabajo: P\u00e1gina web sobre el flamenco<\/strong><\/p>\n<ul>\n<li><a href=\"https:\/\/sites.google.com\/site\/andreayelflamenco\/home\" target=\"_blank\" rel=\"noopener noreferrer\">P\u00e1gina web de Flamenco de Andrea<\/a><\/li>\n<li><a href=\"https:\/\/sites.google.com\/site\/arteflamencopaula\/\" target=\"_blank\" rel=\"noopener noreferrer\">P\u00e1gina web de Flamenco de Paula<\/a><\/li>\n<li><a href=\"https:\/\/sites.google.com\/site\/artedeandalucia\/\" target=\"_blank\" rel=\"noopener noreferrer\">P\u00e1gina web de Flamenco de Laura<\/a><\/li>\n<li><a href=\"https:\/\/sites.google.com\/site\/elflamencoafondo\/\" target=\"_blank\" rel=\"noopener noreferrer\">P\u00e1gina web de Flamenco de Roc\u00edo<\/a><\/li>\n<li><a href=\"https:\/\/sites.google.com\/site\/dalequevoy7\/\" target=\"_blank\" rel=\"noopener noreferrer\">P\u00e1gina web de Flamenco de Pedro<\/a><\/li>\n<li><a href=\"https:\/\/sites.google.com\/site\/flamencoatope88\/\" target=\"_blank\" rel=\"noopener noreferrer\">P\u00e1gina web de Flamenco de Elo\u00edsa<\/a><\/li>\n<li><a href=\"https:\/\/sites.google.com\/site\/flamenco19cv\/\" target=\"_blank\" rel=\"noopener noreferrer\">P\u00e1gina web de Flamenco de Carmen<\/a><\/li>\n<\/ul>\n<p><strong>Trabajo: Pagina web \u00abUna provincia andaluza&#8230;\u00bb (Jimdo)<\/strong><\/p>\n<ul>\n<li><a href=\"http:\/\/edupezoxib.jimdo.com\/\" target=\"_blank\" rel=\"noopener noreferrer\">P\u00e1gina web \u00abUna provincia andaluza&#8230;\u00bb de Andrea<\/a><\/li>\n<li><a href=\"http:\/\/pusupeduwu.jimdo.com\/?logout=1\" target=\"_blank\" rel=\"noopener noreferrer\">P\u00e1gina web \u00abUna provincia andaluza&#8230;\u00bb de Paula<\/a><\/li>\n<li><a href=\"http:\/\/owivimipoj.jimdo.com\/\" target=\"_blank\" rel=\"noopener noreferrer\">P\u00e1gina web \u00abUna provincia andaluza&#8230;\u00bb de Laura<\/a><\/li>\n<li><a href=\"http:\/\/abokacalat.jimdo.com\/\" target=\"_blank\" rel=\"noopener noreferrer\">P\u00e1gina web \u00abUna provincia andaluza&#8230;\u00bb de Roc\u00edo<\/a><\/li>\n<li><a href=\"http:\/\/arerusasub.jimdo.com\/\" target=\"_blank\" rel=\"noopener noreferrer\">P\u00e1gina web \u00abUna provincia andaluza&#8230;\u00bb de Pedro<\/a><\/li>\n<li><a href=\"http:\/\/digikuvira.jimdo.com\/\" target=\"_blank\" rel=\"noopener noreferrer\">P\u00e1gina web \u00abUna provincia andaluza&#8230;\u00bb de Eloisa<\/a><\/li>\n<\/ul>\n<p><strong><span style=\"color: #008000;\">Curso 2018\/2019<\/span><\/strong><\/p>\n<p><strong>Trabajos sobre It\u00e1lica<\/strong><\/p>\n<ul>\n<li><a href=\"https:\/\/sites.google.com\/iessantaaurelia.es\/anfiteatroitlica\/p%C3%A1gina-principal?pli=1&amp;authuser=1\" target=\"_blank\" rel=\"noopener noreferrer\">Trabajo de Andrea sobre el Anfiteatro de It\u00e1lica<\/a><\/li>\n<li><a href=\"https:\/\/sites.google.com\/iessantaaurelia.es\/lacasadelospjaros\/p%C3%A1gina-principal?authuser=1\" target=\"_blank\" rel=\"noopener noreferrer\">Trabajo de Yoice sobre la Casa de los P\u00e1jaros<\/a><\/li>\n<li><a href=\"https:\/\/sites.google.com\/iessantaaurelia.es\/casa-del-patio-rodio-itlica\/introducci%C3%B3n\" target=\"_blank\" rel=\"noopener noreferrer\">Trabajo de Beatriz sobre la Casa del Patio Rodio<\/a><\/li>\n<li><a href=\"https:\/\/sites.google.com\/iessantaaurelia.es\/lacasadelplanetario\" target=\"_blank\" rel=\"noopener noreferrer\">Trabajo de Isabel sobre la Casa del Planetario<\/a><\/li>\n<li><a href=\"https:\/\/sites.google.com\/iessantaaurelia.es\/murallas-de-italica\/murallas\" target=\"_blank\" rel=\"noopener noreferrer\">Trabajo de Andr\u00e9s sobre las Murallas de It\u00e1lica<\/a><\/li>\n<\/ul>\n<p>&nbsp;<\/p>\n<p>&nbsp;<\/p>\n<p>&nbsp;<\/p>\n","protected":false},"excerpt":{"rendered":"<p>Relaci\u00f3n de trabajos de los alumnos\/as de Patrimonio Art\u00edstico y Cultural de Andaluc\u00eda. Curso 2015\/2016 Relaci\u00f3n de alumnos\/as: Baeza Gonz\u00e1lez, Andrea Carrera Portero, Roc\u00edo Granados Cano, Laura Mar\u00eda L\u00f3pez Garc\u00eda, Paula Mu\u00f1oz N\u00fa\u00f1ez, Pedro Juan Vel\u00e1zquez Arenilla, Elo\u00edsa Vergara Pina, Carmen Mar\u00eda Trabajo: Gu\u00eda tur\u00edstica de Sevilla guia por sevilla pedro Gu\u00eda turistica de Sevilla, &hellip; <a href=\"https:\/\/wordpress.diegodavila.es\/?page_id=333\" class=\"more-link\">Seguir leyendo <span class=\"screen-reader-text\">Trabajos de los alumnos\/as<\/span> <span class=\"meta-nav\">&rarr;<\/span><\/a><\/p>\n","protected":false},"author":1,"featured_media":0,"parent":0,"menu_order":0,"comment_status":"closed","ping_status":"closed","template":"","meta":[],"_links":{"self":[{"href":"https:\/\/wordpress.diegodavila.es\/index.php?rest_route=\/wp\/v2\/pages\/333"}],"collection":[{"href":"https:\/\/wordpress.diegodavila.es\/index.php?rest_route=\/wp\/v2\/pages"}],"about":[{"href":"https:\/\/wordpress.diegodavila.es\/index.php?rest_route=\/wp\/v2\/types\/page"}],"author":[{"embeddable":true,"href":"https:\/\/wordpress.diegodavila.es\/index.php?rest_route=\/wp\/v2\/users\/1"}],"replies":[{"embeddable":true,"href":"https:\/\/wordpress.diegodavila.es\/index.php?rest_route=%2Fwp%2Fv2%2Fcomments&post=333"}],"version-history":[{"count":14,"href":"https:\/\/wordpress.diegodavila.es\/index.php?rest_route=\/wp\/v2\/pages\/333\/revisions"}],"predecessor-version":[{"id":455,"href":"https:\/\/wordpress.diegodavila.es\/index.php?rest_route=\/wp\/v2\/pages\/333\/revisions\/455"}],"wp:attachment":[{"href":"https:\/\/wordpress.diegodavila.es\/index.php?rest_route=%2Fwp%2Fv2%2Fmedia&parent=333"}],"curies":[{"name":"wp","href":"https:\/\/api.w.org\/{rel}","templated":true}]}}