{"id":210,"date":"2015-09-27T21:19:52","date_gmt":"2015-09-27T21:19:52","guid":{"rendered":"http:\/\/wordpress.diegodavila.es\/?page_id=210"},"modified":"2019-05-22T06:19:06","modified_gmt":"2019-05-22T06:19:06","slug":"practicas-de-geografia","status":"publish","type":"page","link":"https:\/\/wordpress.diegodavila.es\/?page_id=210","title":{"rendered":"Pr\u00e1cticas de Geograf\u00eda"},"content":{"rendered":"<p>&nbsp;<\/p>\n<ul>\n<li><a href=\"https:\/\/drive.google.com\/file\/d\/0B2DZK4k3clUgMkE2S01tbW5MZVk\/view?usp=sharing\" target=\"_blank\" rel=\"noopener noreferrer\">Pr\u00e1cticas de Relieve<\/a><\/li>\n<li><a href=\"https:\/\/drive.google.com\/file\/d\/0B2DZK4k3clUgWm1ZSVZhbVdoM1U\/view?usp=sharing\" target=\"_blank\" rel=\"noopener noreferrer\">Pr\u00e1cticas de Climatolog\u00eda<\/a><\/li>\n<li><a href=\"https:\/\/drive.google.com\/file\/d\/0B2DZK4k3clUgdDR6RXFhcEtXaDA\/view?usp=sharing\" target=\"_blank\" rel=\"noopener noreferrer\">Pr\u00e1cticas de Hidrograf\u00eda<\/a><\/li>\n<li><a href=\"https:\/\/drive.google.com\/file\/d\/0B2DZK4k3clUgWjZ0NDJrMmVzTzA\/view?usp=sharing\" target=\"_blank\" rel=\"noopener noreferrer\">Pr\u00e1cticas de Biogeograf\u00eda<\/a><\/li>\n<li><a href=\"https:\/\/drive.google.com\/file\/d\/0B2DZK4k3clUgblAtUDlRVnMzT00\/view?usp=sharing\" target=\"_blank\" rel=\"noopener noreferrer\">Pr\u00e1cticas de Poblaci\u00f3n<\/a><\/li>\n<li><a href=\"https:\/\/drive.google.com\/file\/d\/0B2DZK4k3clUgWVVqSHdTaVFzdDQ\/view?usp=sharing\" target=\"_blank\" rel=\"noopener noreferrer\">Pr\u00e1cticas de Urbanismo<\/a><\/li>\n<li><a href=\"https:\/\/drive.google.com\/file\/d\/0B2DZK4k3clUgbG1laGEybWZtN00\/view?usp=sharing\" target=\"_blank\" rel=\"noopener noreferrer\">Pr\u00e1cticas del Sector Primario<\/a><\/li>\n<li><a href=\"https:\/\/drive.google.com\/file\/d\/0B2DZK4k3clUgOWN0YlVNbzVCYlU\/view?usp=sharing\" target=\"_blank\" rel=\"noopener noreferrer\">Pr\u00e1cticas del Sector Secundario<\/a><\/li>\n<li><a href=\"https:\/\/drive.google.com\/file\/d\/0B2DZK4k3clUgb2dSWWVQTUJ0WmM\/view?usp=sharing\" target=\"_blank\" rel=\"noopener noreferrer\">Pr\u00e1cticas del Sector Terciario<\/a><\/li>\n<\/ul>\n","protected":false},"excerpt":{"rendered":"<p>&nbsp; Pr\u00e1cticas de Relieve Pr\u00e1cticas de Climatolog\u00eda Pr\u00e1cticas de Hidrograf\u00eda Pr\u00e1cticas de Biogeograf\u00eda Pr\u00e1cticas de Poblaci\u00f3n Pr\u00e1cticas de Urbanismo Pr\u00e1cticas del Sector Primario Pr\u00e1cticas del Sector Secundario Pr\u00e1cticas del Sector Terciario<\/p>\n","protected":false},"author":1,"featured_media":0,"parent":0,"menu_order":0,"comment_status":"closed","ping_status":"closed","template":"","meta":[],"_links":{"self":[{"href":"https:\/\/wordpress.diegodavila.es\/index.php?rest_route=\/wp\/v2\/pages\/210"}],"collection":[{"href":"https:\/\/wordpress.diegodavila.es\/index.php?rest_route=\/wp\/v2\/pages"}],"about":[{"href":"https:\/\/wordpress.diegodavila.es\/index.php?rest_route=\/wp\/v2\/types\/page"}],"author":[{"embeddable":true,"href":"https:\/\/wordpress.diegodavila.es\/index.php?rest_route=\/wp\/v2\/users\/1"}],"replies":[{"embeddable":true,"href":"https:\/\/wordpress.diegodavila.es\/index.php?rest_route=%2Fwp%2Fv2%2Fcomments&post=210"}],"version-history":[{"count":12,"href":"https:\/\/wordpress.diegodavila.es\/index.php?rest_route=\/wp\/v2\/pages\/210\/revisions"}],"predecessor-version":[{"id":459,"href":"https:\/\/wordpress.diegodavila.es\/index.php?rest_route=\/wp\/v2\/pages\/210\/revisions\/459"}],"wp:attachment":[{"href":"https:\/\/wordpress.diegodavila.es\/index.php?rest_route=%2Fwp%2Fv2%2Fmedia&parent=210"}],"curies":[{"name":"wp","href":"https:\/\/api.w.org\/{rel}","templated":true}]}}