{"id":205,"date":"2015-09-23T07:42:42","date_gmt":"2015-09-23T07:42:42","guid":{"rendered":"http:\/\/wordpress.diegodavila.es\/?page_id=205"},"modified":"2017-11-13T07:31:49","modified_gmt":"2017-11-13T07:31:49","slug":"temario-geografia-de-espana-de-2o-bachilerato","status":"publish","type":"page","link":"https:\/\/wordpress.diegodavila.es\/?page_id=205","title":{"rendered":"Temario Geograf\u00eda de Espa\u00f1a de 2\u00ba Bachilerato"},"content":{"rendered":"<ul>\n<li><a href=\"https:\/\/drive.google.com\/file\/d\/0B2DZK4k3clUgSExwRXk4WUV6dnc\/view?usp=sharing\" target=\"_blank\" rel=\"noopener noreferrer\">1. EL RELIEVE ESPA\u00d1OL<\/a>. Caracteres generales. La variedad litol\u00f3gica. El proceso de formaci\u00f3n. Las costas espa\u00f1olas.<\/li>\n<li><a href=\"https:\/\/drive.google.com\/file\/d\/0B2DZK4k3clUgNmRtZ0g5d1B4WkU\/view?usp=sharing\" target=\"_blank\" rel=\"noopener noreferrer\">2. LAS GRANDES UNIDADES DEL RELIEVE<\/a>. Las Meseta y sus unidades interiores. Los rebordes monta\u00f1osos de la Meseta. Los sistemas y unidades exteriores. Los relieves insulares.<\/li>\n<li><a href=\"https:\/\/drive.google.com\/file\/d\/0B2DZK4k3clUgZzN4RnV1MFZ1YkE\/view?usp=sharing\" target=\"_blank\" rel=\"noopener noreferrer\">3. CARACTERIZACI\u00d3N GENERAL DEL CLIMA EN ESPA\u00d1A<\/a>. Los condicionantes b\u00e1sicos. Los elementos clim\u00e1ticos y su distribuci\u00f3n espacial. Los factores clim\u00e1ticos.<\/li>\n<li><a href=\"https:\/\/drive.google.com\/file\/d\/0B2DZK4k3clUgSUtKMFJPRE1ERFE\/view?usp=sharing\" target=\"_blank\" rel=\"noopener noreferrer\">4. LOS DOMINIOS CLIM\u00c1TICOS EN ESPA\u00d1A<\/a>. Los principales tipos de clima y sus caracter\u00edsticas. La distribuci\u00f3n geogr\u00e1fica de los climas de Espa\u00f1a.<\/li>\n<li><a href=\"https:\/\/drive.google.com\/file\/d\/0B2DZK4k3clUgc0dkVno2VDRINXM\/view?usp=sharing\" target=\"_blank\" rel=\"noopener noreferrer\">5. LAS AGUAS Y LA RED HIDROGR\u00c1FICA<\/a>. Las vertientes hidrogr\u00e1ficas espa\u00f1olas. Los r\u00edos y las cuencas hidrogr\u00e1ficas. Los reg\u00edmenes fluviales. Uso y aprovechamiento de las aguas. (Para ampliar y mirar los mapas es muy conveniente ver este <a href=\"http:\/\/www.iesgrancapitan.org\/profesores\/bvaquero\/bloggeografia\/temasgeografia\/temasilustrados20132014\/temailustrado6lasaguasylaredhidrografica.pdf\" target=\"_blank\" rel=\"noopener noreferrer\">tema<\/a>)<\/li>\n<li><a href=\"https:\/\/drive.google.com\/file\/d\/0B2DZK4k3clUgYWpWVXY1MDJWWTQ\/view?usp=sharing\" target=\"_blank\" rel=\"noopener noreferrer\">6. LAS REGIONES BIOGEOGR\u00c1FICAS DE ESPA\u00d1A.<\/a> Factores de la diversidad biogeogr\u00e1fica. Caracter\u00edsticas de las regiones biogeogr\u00e1ficas. Formaciones vegetales de la Espa\u00f1a peninsular e insular. La intervenci\u00f3n humana y sus consecuencias geogr\u00e1ficas.<\/li>\n<li><a href=\"https:\/\/drive.google.com\/file\/d\/0B2DZK4k3clUgeHpYNFU1OGU3aWc\/view?usp=sharing\" target=\"_blank\" rel=\"noopener noreferrer\">7. EVOLUCI\u00d3N Y DISTRIBUCI\u00d3N GEOGR\u00c1FICA DE LA POBLACI\u00d3N ESPA\u00d1OLA<\/a>. Los efectivos demogr\u00e1ficos y su evoluci\u00f3n. Caracter\u00edsticas y factores de la densidad y la distribuci\u00f3n espacial.<\/li>\n<li><a href=\"https:\/\/drive.google.com\/file\/d\/0B2DZK4k3clUgdjVaUGJhMXVvd28\/view?usp=sharing\" target=\"_blank\" rel=\"noopener noreferrer\">8. DIN\u00c1MICA Y ESTRUCTURA DE LA POBLACI\u00d3N ESPA\u00d1OLA. <\/a>La din\u00e1mica natural. Los movimientos migratorios. Estructura y composici\u00f3n de la poblaci\u00f3n.<\/li>\n<li><a href=\"https:\/\/drive.google.com\/file\/d\/0B2DZK4k3clUgUjVScHlYR1BMQWM\/view?usp=sharing\" target=\"_blank\" rel=\"noopener noreferrer\">9. EL PROCESO DE URBANIZACI\u00d3N DE ESPA\u00d1A Y EL SISTEMA DE CIUDADES.<\/a> Principales etapas del proceso de urbanizaci\u00f3n en Espa\u00f1a. El sistema interurbano: jerarqu\u00eda, funciones y zonas de influencia. Principales \u00e1reas y ejes urbanos.<\/li>\n<li><a href=\"https:\/\/drive.google.com\/file\/d\/0B2DZK4k3clUgMVZDSXdmN0NWQnc\/view?usp=sharing\" target=\"_blank\" rel=\"noopener noreferrer\">10. MORFOLOG\u00cdA Y ESTRUCTURA DE LA CIUDAD EN ESPA\u00d1A.<\/a> Principales rasgos morfol\u00f3gicos de la ciudad en Espa\u00f1a. El plano de la ciudad. La estructura urbana: los usos del espacio en el interior de la ciudad.<\/li>\n<li><a href=\"https:\/\/drive.google.com\/file\/d\/0B2DZK4k3clUgOGlPbGl5UWVvNkE\/view?usp=sharing\" target=\"_blank\" rel=\"noopener noreferrer\">11. EL ESPACIO RURAL<\/a>. Los condicionantes de la actividad agraria en Espa\u00f1a. Uso y aprovechamientos agrarios. La influencia de la Pol\u00edtica Agraria Com\u00fan. Nuevos usos y funciones del espacio rural.<\/li>\n<li><a href=\"https:\/\/drive.google.com\/file\/d\/0B2DZK4k3clUgUzNkOUc1enk2OEE\/view?usp=sharing\" target=\"_blank\" rel=\"noopener noreferrer\">12. LOS DOMINIOS Y PAISAJES AGRARIOS<\/a>. Los condicionantes del paisaje agrario. Dominios y paisajes de la Espa\u00f1a atl\u00e1ntica. Dominios y paisajes de la Espa\u00f1a mediterr\u00e1nea (interior y litoral). Otros paisajes agrarios.<\/li>\n<li><a href=\"https:\/\/drive.google.com\/file\/d\/0B2DZK4k3clUgRjFJODVydVZISXc\/view?usp=sharing\" target=\"_blank\" rel=\"noopener noreferrer\">13. LA ACTIVIDAD PESQUERA EN ESPA\u00d1A<\/a>. Significado de la pesca en Espa\u00f1a. Regiones pesqueras en Espa\u00f1a y principales caladeros. La importancia creciente de la acuicultura.<\/li>\n<li><a href=\"https:\/\/drive.google.com\/file\/d\/0B2DZK4k3clUgcDY0MmRheEFVX0k\/view?usp=sharing\" target=\"_blank\" rel=\"noopener noreferrer\">14. LA INDUSTRIA EN ESPA\u00d1A.<\/a> El proceso de industrializaci\u00f3n y sus hitos m\u00e1s recientes. Factores de la actividad industrial. Principales sectores industriales en la actualidad. Distribuci\u00f3n geogr\u00e1fica de la industria en Espa\u00f1a.<\/li>\n<li><a href=\"https:\/\/drive.google.com\/file\/d\/0B2DZK4k3clUgZV92VWk2d1VJQWc\/view?usp=sharing\" target=\"_blank\" rel=\"noopener noreferrer\">15. EL TRANSPORTE EN ESPA\u00d1A Y SU PAPEL EN EL TERRITORIO.<\/a> Las redes de transporte como elemento b\u00e1sico de la articulaci\u00f3n territorial y econ\u00f3mica de Espa\u00f1a. Sistemas y medios de transporte en Espa\u00f1a. Los nuevos sistemas de transporte y comunicaciones en Espa\u00f1a.<\/li>\n<li><a href=\"https:\/\/drive.google.com\/file\/d\/0B2DZK4k3clUgTUJZbHBIMmpiTGM\/view?usp=sharing\" target=\"_blank\" rel=\"noopener noreferrer\">16. EL TURISMO EN ESPA\u00d1A.<\/a> El significado del turismo en la geograf\u00eda y sociedad espa\u00f1ola. Los caracteres de la oferta tur\u00edstica y los tipos de turismo. Las principales \u00e1reas tur\u00edsticas en Espa\u00f1a. Consecuencias geogr\u00e1ficas del turismo en Espa\u00f1a.<\/li>\n<li><a href=\"https:\/\/drive.google.com\/file\/d\/0B2DZK4k3clUgcVMwV2JkMGUyRk0\/view?usp=sharing\" target=\"_blank\" rel=\"noopener noreferrer\">17. ESPA\u00d1A EN SU DIVERSIDAD REGIONAL<\/a>. El proceso de organizaci\u00f3n pol\u00edtico-administrativa de Espa\u00f1a. Las Comunidades Aut\u00f3nomas y regiones. Desequilibrios regionales. Pol\u00edticas regionales y de cohesi\u00f3n.<\/li>\n<\/ul>\n","protected":false},"excerpt":{"rendered":"<p>1. EL RELIEVE ESPA\u00d1OL. Caracteres generales. La variedad litol\u00f3gica. El proceso de formaci\u00f3n. Las costas espa\u00f1olas. 2. LAS GRANDES UNIDADES DEL RELIEVE. Las Meseta y sus unidades interiores. Los rebordes monta\u00f1osos de la Meseta. Los sistemas y unidades exteriores. Los relieves insulares. 3. CARACTERIZACI\u00d3N GENERAL DEL CLIMA EN ESPA\u00d1A. Los condicionantes b\u00e1sicos. Los elementos clim\u00e1ticos &hellip; <a href=\"https:\/\/wordpress.diegodavila.es\/?page_id=205\" class=\"more-link\">Seguir leyendo <span class=\"screen-reader-text\">Temario Geograf\u00eda de Espa\u00f1a de 2\u00ba Bachilerato<\/span> <span class=\"meta-nav\">&rarr;<\/span><\/a><\/p>\n","protected":false},"author":1,"featured_media":0,"parent":0,"menu_order":0,"comment_status":"closed","ping_status":"closed","template":"","meta":[],"_links":{"self":[{"href":"https:\/\/wordpress.diegodavila.es\/index.php?rest_route=\/wp\/v2\/pages\/205"}],"collection":[{"href":"https:\/\/wordpress.diegodavila.es\/index.php?rest_route=\/wp\/v2\/pages"}],"about":[{"href":"https:\/\/wordpress.diegodavila.es\/index.php?rest_route=\/wp\/v2\/types\/page"}],"author":[{"embeddable":true,"href":"https:\/\/wordpress.diegodavila.es\/index.php?rest_route=\/wp\/v2\/users\/1"}],"replies":[{"embeddable":true,"href":"https:\/\/wordpress.diegodavila.es\/index.php?rest_route=%2Fwp%2Fv2%2Fcomments&post=205"}],"version-history":[{"count":19,"href":"https:\/\/wordpress.diegodavila.es\/index.php?rest_route=\/wp\/v2\/pages\/205\/revisions"}],"predecessor-version":[{"id":438,"href":"https:\/\/wordpress.diegodavila.es\/index.php?rest_route=\/wp\/v2\/pages\/205\/revisions\/438"}],"wp:attachment":[{"href":"https:\/\/wordpress.diegodavila.es\/index.php?rest_route=%2Fwp%2Fv2%2Fmedia&parent=205"}],"curies":[{"name":"wp","href":"https:\/\/api.w.org\/{rel}","templated":true}]}}